{"id":93,"date":"2020-06-19T21:39:00","date_gmt":"2020-06-19T19:39:00","guid":{"rendered":"http:\/\/k-salon.de\/?page_id=93"},"modified":"2026-01-28T11:15:42","modified_gmt":"2026-01-28T10:15:42","slug":"preise","status":"publish","type":"page","link":"http:\/\/k-salon.de\/?page_id=93","title":{"rendered":"Preise"},"content":{"rendered":"\t\t<div data-elementor-type=\"wp-page\" data-elementor-id=\"93\" class=\"elementor elementor-93\" data-elementor-settings=\"[]\">\n\t\t\t\t\t\t<div class=\"elementor-inner\">\n\t\t\t\t\t\t\t<div class=\"elementor-section-wrap\">\n\t\t\t\t\t\t\t<section class=\"elementor-section elementor-top-section elementor-element elementor-element-5f5a6a5 elementor-section-boxed elementor-section-height-default elementor-section-height-default\" data-id=\"5f5a6a5\" data-element_type=\"section\">\n\t\t\t\t\t\t<div class=\"elementor-container elementor-column-gap-default\">\n\t\t\t\t\t\t\t<div class=\"elementor-row\">\n\t\t\t\t\t<div class=\"elementor-column elementor-col-100 elementor-top-column elementor-element elementor-element-92b8685\" data-id=\"92b8685\" data-element_type=\"column\">\n\t\t\t<div class=\"elementor-column-wrap elementor-element-populated\">\n\t\t\t\t\t\t\t<div class=\"elementor-widget-wrap\">\n\t\t\t\t\t\t<div class=\"elementor-element elementor-element-5f0b53a elementor-widget elementor-widget-text-editor\" data-id=\"5f0b53a\" data-element_type=\"widget\" data-widget_type=\"text-editor.default\">\n\t\t\t\t<div class=\"elementor-widget-container\">\n\t\t\t\t\t\t\t\t<div class=\"elementor-text-editor elementor-clearfix\">\n\t\t\t\t<p><strong>Netto-Preise K-Salon<\/strong><\/p><p><strong>\u00a0<\/strong><\/p><p><strong>Saal <\/strong> (50 m\u00b2)<\/p><p>Nutzugspreise: erste Stunde: 70 \u20ac*, jede weitere Stunde: 50 \u20ac*<br \/>\u00a0\u00a0\u00a0\u00a0\u00a0\u00a0\u00a0\u00a0\u00a0\u00a0\u00a0\u00a0\u00a0\u00a0\u00a0\u00a0 \u00a0 \u00a0 \u00a0ein Tag 280 \u20ac*, jeder weitere Tag 200 \u20ac* \/ eine Woche: 1.500 \u20ac*<\/p><ul><li>Raum flexibel nutzbar f\u00fcr bis 50 Personen<\/li><li>Individuelle Ausstattungsm\u00f6glichkeiten<\/li><li>Ebenerdiger und abdunkelbarer Raum mit gro\u00dfen Fenstern zur Bergmannstra\u00dfe<\/li><li>WLAN<\/li><li>Pr\u00e4sentationstechnik: Beamer**, frei nutzbar: Flipchart, Whiteboard, 2 Pinnw\u00e4nde, Overheadprojektor, Monitor, DVD und CD Player, Tonanlage, Mikrophon<\/li><\/ul><p><strong>K\u00fcche<\/strong><\/p><p>Die K\u00fcche kann als Kaffee- und Teek\u00fcche kostenfrei mitgenutzt werden.<br \/>Die Nutzung f\u00fcr Catering ist extra verhandelbar.<\/p><p>Ausstattung:<\/p><ul><li>4flammen Gasherd mit Backofen<\/li><li>Geschirr f\u00fcr bis zu 50 Personen<\/li><li>Kaffeemaschine, Wasserkocher<\/li><li>Getr\u00e4nkek\u00fchlschrank<\/li><li>Sp\u00fclmaschine<\/li><\/ul><p>Bei Bedarf Vermittlung von Cateringangeboten.<\/p><p><strong>\u00a0<\/strong><\/p><p><strong>Hinterer Raum<\/strong> (10 m\u00b2)<\/p><p>Raum mit zwei Ebenen und Garderobe. Zweite Toilette mit nutzbar.<br \/>Raum flexibel zu nutzen mit Besprechungstisch f\u00fcr bis zu 5 Personen, Schreibtisch, Coachecke auf zweiter Ebene, Internet<\/p><p>Nutzungspreis:\u00a0 30 \u20ac*\u00a0 pro Stunde bzw.\u00a0 110 \u20ac*\u00a0 pro Tag bzw. 600 \u20ac* pro Woche<\/p><p><strong><em>\u00a0<\/em><\/strong><\/p><p><strong><em>Zus\u00e4tzliche Kosten:<\/em><\/strong><\/p><p>* <em>Individuelle Raumgestaltung mit Auf- und Abbau, je nach Aufwand 20 bis 50 \u20ac<\/em><\/p><p><em>* Endreinigung je nach Aufwand 20 bis 40 \u20ac<\/em><\/p><p><em>** Nutzungsgeb\u00fchr erste Stunde 20 \u20ac, jede weitere Nutzungsstunde plus 5 \u20ac<\/em><\/p><p><strong><br \/>Trauerfeier<\/strong><\/p><p>Individuell eingerichteter Raum f\u00fcr bis zu 50 Personen mit voller K\u00fcchennutzung und pers\u00f6nlicher Betreuung ab 570 \u20ac<\/p><p><strong><br \/><\/strong>Parkpl\u00e4tze meist ausreichend vorhanden (Parkraumbewirtschaftung), 3 Minuten Laufzeit zur U-Bahn S\u00fcdstern, breiter Gehweg zum Verweilen<\/p><p><strong>\u00a0<\/strong><\/p><p><strong>Ansprechpartner: <\/strong>Astrid Kuckartz, Katharina Husemann und Klaus-Uwe Mecklenburg<br \/>Wir freuen uns \u00fcber ihre Anfrage!<\/p>\t\t\t\t\t<\/div>\n\t\t\t\t\t\t<\/div>\n\t\t\t\t<\/div>\n\t\t\t\t\t\t<\/div>\n\t\t\t\t\t<\/div>\n\t\t<\/div>\n\t\t\t\t\t\t\t\t<\/div>\n\t\t\t\t\t<\/div>\n\t\t<\/section>\n\t\t\t\t\t\t<\/div>\n\t\t\t\t\t\t<\/div>\n\t\t\t\t\t<\/div>\n\t\t","protected":false},"excerpt":{"rendered":"<p>Netto-Preise K-Salon \u00a0 Saal (50 m\u00b2) Nutzugspreise: erste Stunde: 70 \u20ac*, jede weitere Stunde: 50 \u20ac*\u00a0\u00a0\u00a0\u00a0\u00a0\u00a0\u00a0\u00a0\u00a0\u00a0\u00a0\u00a0\u00a0\u00a0\u00a0\u00a0 \u00a0 \u00a0 \u00a0ein Tag 280 \u20ac*, jeder weitere Tag 200 \u20ac* \/ eine Woche: 1.500 \u20ac* Raum flexibel nutzbar f\u00fcr bis 50 Personen Individuelle Ausstattungsm\u00f6glichkeiten Ebenerdiger und abdunkelbarer Raum mit gro\u00dfen Fenstern zur Bergmannstra\u00dfe WLAN Pr\u00e4sentationstechnik: Beamer**, frei nutzbar: [&hellip;]<\/p>\n","protected":false},"author":1,"featured_media":0,"parent":0,"menu_order":0,"comment_status":"closed","ping_status":"closed","template":"","meta":{"footnotes":""},"class_list":["post-93","page","type-page","status-publish","hentry"],"_links":{"self":[{"href":"http:\/\/k-salon.de\/index.php?rest_route=\/wp\/v2\/pages\/93","targetHints":{"allow":["GET"]}}],"collection":[{"href":"http:\/\/k-salon.de\/index.php?rest_route=\/wp\/v2\/pages"}],"about":[{"href":"http:\/\/k-salon.de\/index.php?rest_route=\/wp\/v2\/types\/page"}],"author":[{"embeddable":true,"href":"http:\/\/k-salon.de\/index.php?rest_route=\/wp\/v2\/users\/1"}],"replies":[{"embeddable":true,"href":"http:\/\/k-salon.de\/index.php?rest_route=%2Fwp%2Fv2%2Fcomments&post=93"}],"version-history":[{"count":23,"href":"http:\/\/k-salon.de\/index.php?rest_route=\/wp\/v2\/pages\/93\/revisions"}],"predecessor-version":[{"id":2049,"href":"http:\/\/k-salon.de\/index.php?rest_route=\/wp\/v2\/pages\/93\/revisions\/2049"}],"wp:attachment":[{"href":"http:\/\/k-salon.de\/index.php?rest_route=%2Fwp%2Fv2%2Fmedia&parent=93"}],"curies":[{"name":"wp","href":"https:\/\/api.w.org\/{rel}","templated":true}]}}