{"id":53,"date":"2020-06-14T19:29:16","date_gmt":"2020-06-14T17:29:16","guid":{"rendered":"http:\/\/k-salon.de\/?page_id=53"},"modified":"2022-03-22T10:19:45","modified_gmt":"2022-03-22T09:19:45","slug":"vermietung","status":"publish","type":"page","link":"http:\/\/k-salon.de\/?page_id=53","title":{"rendered":"Vermietung"},"content":{"rendered":"\t\t<div data-elementor-type=\"wp-page\" data-elementor-id=\"53\" class=\"elementor elementor-53\" data-elementor-settings=\"[]\">\n\t\t\t\t\t\t<div class=\"elementor-inner\">\n\t\t\t\t\t\t\t<div class=\"elementor-section-wrap\">\n\t\t\t\t\t\t\t<section class=\"elementor-section elementor-top-section elementor-element elementor-element-2cc6b6fa elementor-section-boxed elementor-section-height-default elementor-section-height-default\" data-id=\"2cc6b6fa\" data-element_type=\"section\">\n\t\t\t\t\t\t<div class=\"elementor-container elementor-column-gap-default\">\n\t\t\t\t\t\t\t<div class=\"elementor-row\">\n\t\t\t\t\t<div class=\"elementor-column elementor-col-100 elementor-top-column elementor-element elementor-element-72021a98\" data-id=\"72021a98\" data-element_type=\"column\">\n\t\t\t<div class=\"elementor-column-wrap elementor-element-populated\">\n\t\t\t\t\t\t\t<div class=\"elementor-widget-wrap\">\n\t\t\t\t\t\t<div class=\"elementor-element elementor-element-728a257e elementor-widget elementor-widget-text-editor\" data-id=\"728a257e\" data-element_type=\"widget\" data-widget_type=\"text-editor.default\">\n\t\t\t\t<div class=\"elementor-widget-container\">\n\t\t\t\t\t\t\t\t<div class=\"elementor-text-editor elementor-clearfix\">\n\t\t\t\t<p><!-- wp:paragraph --><\/p>\n<p><strong>Arbeiten in kreativem Ambiente<\/strong><\/p>\n<p><!-- \/wp:paragraph --><!-- wp:paragraph --><\/p>\n<p>Zentral und dennoch ruhig gelegen ist der K-Salon ein Raum f\u00fcr Arbeitstreffen, Tagungen, Seminare, Workshops, Pr\u00e4sentationen, Lesungen, Beratungen, Film- und Fotoaufnahmen und kann als Showroom genutzt werden. Vermietungen sind t\u00e4glich im Zeitraum von 8 bis 22 Uhr m\u00f6glich.<br \/>Pr\u00e4sentationstechnik ist vorhanden, St\u00fchle und Tische werden individuell aufgebaut. Die hinteren R\u00e4ume und die K\u00fcche k\u00f6nnen mit genutzt werden.<\/p>\n<p><!-- \/wp:paragraph --><!-- wp:paragraph --><\/p>\n<p>Der K-Salon hat eine Fl\u00e4che von 109 m\u00b2. Die ausgebauten Altbauladenr\u00e4ume mit einem 50 m\u00b2 gro\u00dfen Ladenraum, zwei B\u00fcros und einer K\u00fcche sind ansprechend und offen konzipiert. Die gro\u00dfe Fensterfront verleiht dem Raum eine freundliche Atmosph\u00e4re. In der K\u00fcche k\u00f6nnen Speisen angerichtet werden. Die hinteren beiden R\u00e4ume sind mit mobilen Schreibtischen und auf der Empore mit Sofaecke ausgestattet.<\/p>\n<p><!-- \/wp:paragraph --><!-- wp:paragraph --><\/p>\n<p>M\u00f6chten Sie weitere Informationen oder einen Termin zur Besichtigung vereinbaren?<br \/>Wir stehen Ihnen gerne zur Verf\u00fcgung und erstellen ein unverbindliches Angebot.<\/p>\n<p>\u00a0<\/p>\n<p><!-- \/wp:paragraph --><!-- wp:paragraph --><\/p>\n<p><strong>Ausstattung<\/strong><\/p>\n<p><!-- \/wp:paragraph --><!-- wp:paragraph --><\/p>\n<p>Beamer, Monitor, kleine Tonanlage, Kopierger\u00e4t, Flipchart, gro\u00dfe Tafel, Computer, Drucker, zwei Telefone mit Festnetz-Flatrate, WLAN, extra Garderobe, Spiegel, St\u00fchle, Tische in unterschiedlichen Gr\u00f6\u00dfen u.a.<\/p>\n<p><!-- \/wp:paragraph --><\/p>\t\t\t\t\t<\/div>\n\t\t\t\t\t\t<\/div>\n\t\t\t\t<\/div>\n\t\t\t\t\t\t<\/div>\n\t\t\t\t\t<\/div>\n\t\t<\/div>\n\t\t\t\t\t\t\t\t<\/div>\n\t\t\t\t\t<\/div>\n\t\t<\/section>\n\t\t\t\t<section class=\"elementor-section elementor-top-section elementor-element elementor-element-3874aa6 elementor-section-boxed elementor-section-height-default elementor-section-height-default\" data-id=\"3874aa6\" data-element_type=\"section\">\n\t\t\t\t\t\t<div class=\"elementor-container elementor-column-gap-default\">\n\t\t\t\t\t\t\t<div class=\"elementor-row\">\n\t\t\t\t\t<div class=\"elementor-column elementor-col-50 elementor-top-column elementor-element elementor-element-1ceb625\" data-id=\"1ceb625\" data-element_type=\"column\">\n\t\t\t<div class=\"elementor-column-wrap elementor-element-populated\">\n\t\t\t\t\t\t\t<div class=\"elementor-widget-wrap\">\n\t\t\t\t\t\t<div class=\"elementor-element elementor-element-15a8ba8 elementor-widget elementor-widget-image\" data-id=\"15a8ba8\" data-element_type=\"widget\" data-widget_type=\"image.default\">\n\t\t\t\t<div class=\"elementor-widget-container\">\n\t\t\t\t\t\t\t\t<div class=\"elementor-image\">\n\t\t\t\t\t\t\t\t\t\t\t\t<img loading=\"lazy\" decoding=\"async\" width=\"768\" height=\"577\" src=\"http:\/\/k-salon.de\/wp-content\/uploads\/2021\/04\/raum5-768x577.jpg\" class=\"attachment-medium_large size-medium_large\" alt=\"\" srcset=\"http:\/\/k-salon.de\/wp-content\/uploads\/2021\/04\/raum5-768x577.jpg 768w, http:\/\/k-salon.de\/wp-content\/uploads\/2021\/04\/raum5-400x300.jpg 400w, http:\/\/k-salon.de\/wp-content\/uploads\/2021\/04\/raum5.jpg 1000w\" sizes=\"auto, (max-width: 768px) 100vw, 768px\" \/>\t\t\t\t\t\t\t\t\t\t\t\t\t\t<\/div>\n\t\t\t\t\t\t<\/div>\n\t\t\t\t<\/div>\n\t\t\t\t\t\t<\/div>\n\t\t\t\t\t<\/div>\n\t\t<\/div>\n\t\t\t\t<div class=\"elementor-column elementor-col-50 elementor-top-column elementor-element elementor-element-b353ef9\" data-id=\"b353ef9\" data-element_type=\"column\">\n\t\t\t<div class=\"elementor-column-wrap elementor-element-populated\">\n\t\t\t\t\t\t\t<div class=\"elementor-widget-wrap\">\n\t\t\t\t\t\t<div class=\"elementor-element elementor-element-3a6c649 elementor-widget elementor-widget-image\" data-id=\"3a6c649\" data-element_type=\"widget\" data-widget_type=\"image.default\">\n\t\t\t\t<div class=\"elementor-widget-container\">\n\t\t\t\t\t\t\t\t<div class=\"elementor-image\">\n\t\t\t\t\t\t\t\t\t\t\t\t<img loading=\"lazy\" decoding=\"async\" width=\"768\" height=\"576\" src=\"http:\/\/k-salon.de\/wp-content\/uploads\/2021\/04\/raum3-768x576.jpg\" class=\"attachment-medium_large size-medium_large\" alt=\"\" srcset=\"http:\/\/k-salon.de\/wp-content\/uploads\/2021\/04\/raum3-768x576.jpg 768w, http:\/\/k-salon.de\/wp-content\/uploads\/2021\/04\/raum3-400x300.jpg 400w, http:\/\/k-salon.de\/wp-content\/uploads\/2021\/04\/raum3.jpg 1000w\" sizes=\"auto, (max-width: 768px) 100vw, 768px\" \/>\t\t\t\t\t\t\t\t\t\t\t\t\t\t<\/div>\n\t\t\t\t\t\t<\/div>\n\t\t\t\t<\/div>\n\t\t\t\t\t\t<\/div>\n\t\t\t\t\t<\/div>\n\t\t<\/div>\n\t\t\t\t\t\t\t\t<\/div>\n\t\t\t\t\t<\/div>\n\t\t<\/section>\n\t\t\t\t<section class=\"elementor-section elementor-top-section elementor-element elementor-element-44757de elementor-section-boxed elementor-section-height-default elementor-section-height-default\" data-id=\"44757de\" data-element_type=\"section\">\n\t\t\t\t\t\t<div class=\"elementor-container elementor-column-gap-default\">\n\t\t\t\t\t\t\t<div class=\"elementor-row\">\n\t\t\t\t\t<div class=\"elementor-column elementor-col-50 elementor-top-column elementor-element elementor-element-4b72e8a\" data-id=\"4b72e8a\" data-element_type=\"column\">\n\t\t\t<div class=\"elementor-column-wrap elementor-element-populated\">\n\t\t\t\t\t\t\t<div class=\"elementor-widget-wrap\">\n\t\t\t\t\t\t<div class=\"elementor-element elementor-element-666487b elementor-widget elementor-widget-image\" data-id=\"666487b\" data-element_type=\"widget\" data-widget_type=\"image.default\">\n\t\t\t\t<div class=\"elementor-widget-container\">\n\t\t\t\t\t\t\t\t<div class=\"elementor-image\">\n\t\t\t\t\t\t\t\t\t\t\t\t<img loading=\"lazy\" decoding=\"async\" width=\"768\" height=\"576\" src=\"http:\/\/k-salon.de\/wp-content\/uploads\/2021\/04\/raum2-768x576.jpg\" class=\"attachment-medium_large size-medium_large\" alt=\"\" srcset=\"http:\/\/k-salon.de\/wp-content\/uploads\/2021\/04\/raum2-768x576.jpg 768w, http:\/\/k-salon.de\/wp-content\/uploads\/2021\/04\/raum2-400x300.jpg 400w, http:\/\/k-salon.de\/wp-content\/uploads\/2021\/04\/raum2.jpg 1000w\" sizes=\"auto, (max-width: 768px) 100vw, 768px\" \/>\t\t\t\t\t\t\t\t\t\t\t\t\t\t<\/div>\n\t\t\t\t\t\t<\/div>\n\t\t\t\t<\/div>\n\t\t\t\t\t\t<\/div>\n\t\t\t\t\t<\/div>\n\t\t<\/div>\n\t\t\t\t<div class=\"elementor-column elementor-col-50 elementor-top-column elementor-element elementor-element-7d98028\" data-id=\"7d98028\" data-element_type=\"column\">\n\t\t\t<div class=\"elementor-column-wrap elementor-element-populated\">\n\t\t\t\t\t\t\t<div class=\"elementor-widget-wrap\">\n\t\t\t\t\t\t<div class=\"elementor-element elementor-element-99e89c9 elementor-widget elementor-widget-image\" data-id=\"99e89c9\" data-element_type=\"widget\" data-widget_type=\"image.default\">\n\t\t\t\t<div class=\"elementor-widget-container\">\n\t\t\t\t\t\t\t\t<div class=\"elementor-image\">\n\t\t\t\t\t\t\t\t\t\t\t\t<img loading=\"lazy\" decoding=\"async\" width=\"768\" height=\"576\" src=\"http:\/\/k-salon.de\/wp-content\/uploads\/2021\/04\/raum1-768x576.jpg\" class=\"attachment-medium_large size-medium_large\" alt=\"\" srcset=\"http:\/\/k-salon.de\/wp-content\/uploads\/2021\/04\/raum1-768x576.jpg 768w, http:\/\/k-salon.de\/wp-content\/uploads\/2021\/04\/raum1-400x300.jpg 400w, http:\/\/k-salon.de\/wp-content\/uploads\/2021\/04\/raum1.jpg 1000w\" sizes=\"auto, (max-width: 768px) 100vw, 768px\" \/>\t\t\t\t\t\t\t\t\t\t\t\t\t\t<\/div>\n\t\t\t\t\t\t<\/div>\n\t\t\t\t<\/div>\n\t\t\t\t\t\t<\/div>\n\t\t\t\t\t<\/div>\n\t\t<\/div>\n\t\t\t\t\t\t\t\t<\/div>\n\t\t\t\t\t<\/div>\n\t\t<\/section>\n\t\t\t\t<section class=\"elementor-section elementor-top-section elementor-element elementor-element-cb6a097 elementor-section-boxed elementor-section-height-default elementor-section-height-default\" data-id=\"cb6a097\" data-element_type=\"section\">\n\t\t\t\t\t\t<div class=\"elementor-container elementor-column-gap-default\">\n\t\t\t\t\t\t\t<div class=\"elementor-row\">\n\t\t\t\t\t<div class=\"elementor-column elementor-col-50 elementor-top-column elementor-element elementor-element-546a085\" data-id=\"546a085\" data-element_type=\"column\">\n\t\t\t<div class=\"elementor-column-wrap elementor-element-populated\">\n\t\t\t\t\t\t\t<div class=\"elementor-widget-wrap\">\n\t\t\t\t\t\t<div class=\"elementor-element elementor-element-e69719b elementor-widget elementor-widget-image\" data-id=\"e69719b\" data-element_type=\"widget\" data-widget_type=\"image.default\">\n\t\t\t\t<div class=\"elementor-widget-container\">\n\t\t\t\t\t\t\t\t<div class=\"elementor-image\">\n\t\t\t\t\t\t\t\t\t\t\t\t<img loading=\"lazy\" decoding=\"async\" width=\"768\" height=\"576\" src=\"http:\/\/k-salon.de\/wp-content\/uploads\/2021\/04\/raum4-768x576.jpg\" class=\"attachment-medium_large size-medium_large\" alt=\"\" srcset=\"http:\/\/k-salon.de\/wp-content\/uploads\/2021\/04\/raum4-768x576.jpg 768w, http:\/\/k-salon.de\/wp-content\/uploads\/2021\/04\/raum4-400x300.jpg 400w, http:\/\/k-salon.de\/wp-content\/uploads\/2021\/04\/raum4.jpg 1000w\" sizes=\"auto, (max-width: 768px) 100vw, 768px\" \/>\t\t\t\t\t\t\t\t\t\t\t\t\t\t<\/div>\n\t\t\t\t\t\t<\/div>\n\t\t\t\t<\/div>\n\t\t\t\t\t\t<\/div>\n\t\t\t\t\t<\/div>\n\t\t<\/div>\n\t\t\t\t<div class=\"elementor-column elementor-col-50 elementor-top-column elementor-element elementor-element-c593d02\" data-id=\"c593d02\" data-element_type=\"column\">\n\t\t\t<div class=\"elementor-column-wrap elementor-element-populated\">\n\t\t\t\t\t\t\t<div class=\"elementor-widget-wrap\">\n\t\t\t\t\t\t<div class=\"elementor-element elementor-element-59b75b1 elementor-widget elementor-widget-image\" data-id=\"59b75b1\" data-element_type=\"widget\" data-widget_type=\"image.default\">\n\t\t\t\t<div class=\"elementor-widget-container\">\n\t\t\t\t\t\t\t\t<div class=\"elementor-image\">\n\t\t\t\t\t\t\t\t\t\t\t\t<img loading=\"lazy\" decoding=\"async\" width=\"768\" height=\"576\" src=\"http:\/\/k-salon.de\/wp-content\/uploads\/2020\/12\/7IMG_4353-768x576.jpg\" class=\"attachment-medium_large size-medium_large\" alt=\"\" srcset=\"http:\/\/k-salon.de\/wp-content\/uploads\/2020\/12\/7IMG_4353-768x576.jpg 768w, http:\/\/k-salon.de\/wp-content\/uploads\/2020\/12\/7IMG_4353-400x300.jpg 400w, http:\/\/k-salon.de\/wp-content\/uploads\/2020\/12\/7IMG_4353-1024x768.jpg 1024w, http:\/\/k-salon.de\/wp-content\/uploads\/2020\/12\/7IMG_4353-1536x1152.jpg 1536w, http:\/\/k-salon.de\/wp-content\/uploads\/2020\/12\/7IMG_4353-2048x1536.jpg 2048w, http:\/\/k-salon.de\/wp-content\/uploads\/2020\/12\/7IMG_4353-scaled-e1609010650609.jpg 1200w\" sizes=\"auto, (max-width: 768px) 100vw, 768px\" \/>\t\t\t\t\t\t\t\t\t\t\t\t\t\t<\/div>\n\t\t\t\t\t\t<\/div>\n\t\t\t\t<\/div>\n\t\t\t\t\t\t<\/div>\n\t\t\t\t\t<\/div>\n\t\t<\/div>\n\t\t\t\t\t\t\t\t<\/div>\n\t\t\t\t\t<\/div>\n\t\t<\/section>\n\t\t\t\t\t\t<\/div>\n\t\t\t\t\t\t<\/div>\n\t\t\t\t\t<\/div>\n\t\t","protected":false},"excerpt":{"rendered":"<p>Arbeiten in kreativem Ambiente Zentral und dennoch ruhig gelegen ist der K-Salon ein Raum f\u00fcr Arbeitstreffen, Tagungen, Seminare, Workshops, Pr\u00e4sentationen, Lesungen, Beratungen, Film- und Fotoaufnahmen und kann als Showroom genutzt werden. Vermietungen sind t\u00e4glich im Zeitraum von 8 bis 22 Uhr m\u00f6glich.Pr\u00e4sentationstechnik ist vorhanden, St\u00fchle und Tische werden individuell aufgebaut. Die hinteren R\u00e4ume und die [&hellip;]<\/p>\n","protected":false},"author":1,"featured_media":0,"parent":0,"menu_order":0,"comment_status":"closed","ping_status":"closed","template":"","meta":{"footnotes":""},"class_list":["post-53","page","type-page","status-publish","hentry"],"_links":{"self":[{"href":"http:\/\/k-salon.de\/index.php?rest_route=\/wp\/v2\/pages\/53","targetHints":{"allow":["GET"]}}],"collection":[{"href":"http:\/\/k-salon.de\/index.php?rest_route=\/wp\/v2\/pages"}],"about":[{"href":"http:\/\/k-salon.de\/index.php?rest_route=\/wp\/v2\/types\/page"}],"author":[{"embeddable":true,"href":"http:\/\/k-salon.de\/index.php?rest_route=\/wp\/v2\/users\/1"}],"replies":[{"embeddable":true,"href":"http:\/\/k-salon.de\/index.php?rest_route=%2Fwp%2Fv2%2Fcomments&post=53"}],"version-history":[{"count":9,"href":"http:\/\/k-salon.de\/index.php?rest_route=\/wp\/v2\/pages\/53\/revisions"}],"predecessor-version":[{"id":777,"href":"http:\/\/k-salon.de\/index.php?rest_route=\/wp\/v2\/pages\/53\/revisions\/777"}],"wp:attachment":[{"href":"http:\/\/k-salon.de\/index.php?rest_route=%2Fwp%2Fv2%2Fmedia&parent=53"}],"curies":[{"name":"wp","href":"https:\/\/api.w.org\/{rel}","templated":true}]}}