{"id":49,"date":"2020-06-14T19:25:02","date_gmt":"2020-06-14T17:25:02","guid":{"rendered":"http:\/\/k-salon.de\/?page_id=49"},"modified":"2022-03-22T10:19:45","modified_gmt":"2022-03-22T09:19:45","slug":"impressum","status":"publish","type":"page","link":"http:\/\/k-salon.de\/?page_id=49","title":{"rendered":"Impressum"},"content":{"rendered":"\t\t<div data-elementor-type=\"wp-page\" data-elementor-id=\"49\" class=\"elementor elementor-49\" data-elementor-settings=\"[]\">\n\t\t\t\t\t\t<div class=\"elementor-inner\">\n\t\t\t\t\t\t\t<div class=\"elementor-section-wrap\">\n\t\t\t\t\t\t\t<section class=\"elementor-section elementor-top-section elementor-element elementor-element-89d01b4 elementor-section-boxed elementor-section-height-default elementor-section-height-default\" data-id=\"89d01b4\" data-element_type=\"section\">\n\t\t\t\t\t\t<div class=\"elementor-container elementor-column-gap-default\">\n\t\t\t\t\t\t\t<div class=\"elementor-row\">\n\t\t\t\t\t<div class=\"elementor-column elementor-col-100 elementor-top-column elementor-element elementor-element-bb37de6\" data-id=\"bb37de6\" data-element_type=\"column\">\n\t\t\t<div class=\"elementor-column-wrap elementor-element-populated\">\n\t\t\t\t\t\t\t<div class=\"elementor-widget-wrap\">\n\t\t\t\t\t\t<div class=\"elementor-element elementor-element-525948b elementor-widget elementor-widget-spacer\" data-id=\"525948b\" data-element_type=\"widget\" data-widget_type=\"spacer.default\">\n\t\t\t\t<div class=\"elementor-widget-container\">\n\t\t\t\t\t<div class=\"elementor-spacer\">\n\t\t\t<div class=\"elementor-spacer-inner\"><\/div>\n\t\t<\/div>\n\t\t\t\t<\/div>\n\t\t\t\t<\/div>\n\t\t\t\t\t\t<\/div>\n\t\t\t\t\t<\/div>\n\t\t<\/div>\n\t\t\t\t\t\t\t\t<\/div>\n\t\t\t\t\t<\/div>\n\t\t<\/section>\n\t\t\t\t<section class=\"elementor-section elementor-top-section elementor-element elementor-element-57a45bbf elementor-section-boxed elementor-section-height-default elementor-section-height-default\" data-id=\"57a45bbf\" data-element_type=\"section\">\n\t\t\t\t\t\t<div class=\"elementor-container elementor-column-gap-default\">\n\t\t\t\t\t\t\t<div class=\"elementor-row\">\n\t\t\t\t\t<div class=\"elementor-column elementor-col-100 elementor-top-column elementor-element elementor-element-2222cc4f\" data-id=\"2222cc4f\" data-element_type=\"column\">\n\t\t\t<div class=\"elementor-column-wrap elementor-element-populated\">\n\t\t\t\t\t\t\t<div class=\"elementor-widget-wrap\">\n\t\t\t\t\t\t<div class=\"elementor-element elementor-element-79c141d3 elementor-widget elementor-widget-text-editor\" data-id=\"79c141d3\" data-element_type=\"widget\" data-widget_type=\"text-editor.default\">\n\t\t\t\t<div class=\"elementor-widget-container\">\n\t\t\t\t\t\t\t\t<div class=\"elementor-text-editor elementor-clearfix\">\n\t\t\t\t<p>\u00a0<\/p>\n<!-- wp:paragraph -->\n<pre><em>Projektraum K-Salon<\/em><br \/><em>Bergmannstrasse 54<\/em><br \/><em>10961 Berlin<\/em><br \/><em>Nahe U-S\u00fcdstern<\/em><br \/><em>Telefon: +49 30 61299100<\/em><br \/><br \/><em><!-- \/wp:paragraph --><!-- wp:paragraph --><\/em><br \/><br \/><em>Inhaber: Katharina Husemann &amp; Klaus-Uwe Mecklenburg GbR<\/em><br \/><em>Steuernummer: 14\/356\/03726<\/em><br \/><em>E-Mail: kontakt@k-salon.de<\/em><br \/><br \/><br \/><em>Fotos:<\/em><br \/><em>Katharina Husemann<\/em><br \/><em>Susanne Husemann<\/em><br \/><em>K. U. Mecklenburg<\/em><br \/><br \/><br \/><em>Haftungshinweis<\/em><br \/><em>Trotz sorgf\u00e4ltiger inhaltlicher Kontrolle \u00fcbernehmen wir keine Haftung f\u00fcr die Inhalte externer Links. F\u00fcr den Inhalt der verlinkten Seiten sind ausschlie\u00dflich deren Betreiber verantwortlich.<\/em><br \/><br \/><em><!-- \/wp:paragraph --><!-- wp:paragraph --><\/em><br \/><br \/><em>Inhalt des Onlineangebotes<\/em><br \/><em>Der Autor \u00fcbernimmt keinerlei Gew\u00e4hr f\u00fcr die Aktualit\u00e4t, Korrektheit, Vollst\u00e4ndigkeit oder Qualit\u00e4t der bereitgestellten Informationen. Haftungsanspr\u00fcche gegen den Autor, welche sich auf Sch\u00e4den materieller oder ideeller Art beziehen, die durch die Nutzung oder Nichtnutzung der dargebotenen Informationen bzw. durch die Nutzung fehlerhafter und unvollst\u00e4ndiger Informationen verursacht wurden, sind grunds\u00e4tzlich ausgeschlossen. Alle Angebote sind freibleibend und unverbindlich. Der Autor beh\u00e4lt es sich ausdr\u00fccklich vor, Teile der Seiten oder das gesamte Angebot ohne gesonderte Ank\u00fcndigung zu ver\u00e4ndern, zu erg\u00e4nzen, zu l\u00f6schen oder die Ver\u00f6ffentlichung zeitweise oder endg\u00fcltig einzustellen. Urheberrecht Alle Bilder und Grafiken, Tondokumente,<\/em><br \/><em>Videosequenzen und Texte sind urheberrechtlich gesch\u00fctzt und d\u00fcrfen weder reproduziert noch wieder verwendet oder f\u00fcr gewerbliche Zwecke genutzt werden. Die elektronische, drucktechnische oder anderweitige \u00dcbernahme und Reproduktion der Informationen, Texte, Bilder, grafischen Darstellungen, Tondokumente und Videosequenzen bed\u00fcrfen der schriftlichen Genehmigung des Autors. Das gilt auch f\u00fcr die Aufnahme in elektronischen Datenbanken und die Vervielf\u00e4ltigung auf Datentr\u00e4gern. Das Copyright f\u00fcr ver\u00f6ffentlichte, vom Autor selbst erstellte Werke bleibt allein beim Autor. Eine Vervielf\u00e4ltigung oder Verwendung solcher Bilder, Grafiken, Tondokumente, Videosequenzen und Texte in anderen elektronischen oder gedruckten Publikationen ist ohne ausdr\u00fcckliche Zustimmung des Autors nicht gestattet.<\/em><br \/><br \/><em><!-- \/wp:paragraph --><!-- wp:paragraph --><\/em><br \/><br \/><em>Externe Links<\/em><br \/><em>Externe Links (Hyperlinks) auf s\u00e4mtliche von anderen Anbietern bereitgehaltenen Inhalte liegen au\u00dferhalb der Kontrolle und Einflussnahme des Autors. Deshalb distanziert sich der Autor ausdr\u00fccklich von allen Inhalten verkn\u00fcpfter Seiten. F\u00fcr illegale, fehlerhafte oder unvollst\u00e4ndige Inhalte und insbesondere f\u00fcr Sch\u00e4den, die aus der Nutzung oder Nichtnutzung solcher Informationen entstehen, haftet allein der Anbieter der Seite, auf welche verwiesen wird.<\/em><br \/><br \/><em><!-- \/wp:paragraph --><!-- wp:paragraph --><\/em><br \/><br \/><em>Copyright \u00a9 2020 Susanne Husemann<\/em><\/pre>\n<!-- \/wp:paragraph -->\t\t\t\t\t<\/div>\n\t\t\t\t\t\t<\/div>\n\t\t\t\t<\/div>\n\t\t\t\t\t\t<\/div>\n\t\t\t\t\t<\/div>\n\t\t<\/div>\n\t\t\t\t\t\t\t\t<\/div>\n\t\t\t\t\t<\/div>\n\t\t<\/section>\n\t\t\t\t\t\t<\/div>\n\t\t\t\t\t\t<\/div>\n\t\t\t\t\t<\/div>\n\t\t","protected":false},"excerpt":{"rendered":"<p>Projektraum K-SalonBergmannstrasse 5410961 BerlinNahe U-S\u00fcdsternTelefon: +49 30 61299100 Inhaber: Katharina Husemann &amp; Klaus-Uwe Mecklenburg GbRSteuernummer: 14\/356\/03726E-Mail: kontakt@k-salon.deFotos:Katharina HusemannSusanne HusemannK. U. MecklenburgHaftungshinweisTrotz sorgf\u00e4ltiger inhaltlicher Kontrolle \u00fcbernehmen wir keine Haftung f\u00fcr die Inhalte externer Links. F\u00fcr den Inhalt der verlinkten Seiten sind ausschlie\u00dflich deren Betreiber verantwortlich. Inhalt des OnlineangebotesDer Autor \u00fcbernimmt keinerlei Gew\u00e4hr f\u00fcr die Aktualit\u00e4t, Korrektheit, [&hellip;]<\/p>\n","protected":false},"author":1,"featured_media":0,"parent":0,"menu_order":0,"comment_status":"closed","ping_status":"closed","template":"","meta":{"footnotes":""},"class_list":["post-49","page","type-page","status-publish","hentry"],"_links":{"self":[{"href":"http:\/\/k-salon.de\/index.php?rest_route=\/wp\/v2\/pages\/49","targetHints":{"allow":["GET"]}}],"collection":[{"href":"http:\/\/k-salon.de\/index.php?rest_route=\/wp\/v2\/pages"}],"about":[{"href":"http:\/\/k-salon.de\/index.php?rest_route=\/wp\/v2\/types\/page"}],"author":[{"embeddable":true,"href":"http:\/\/k-salon.de\/index.php?rest_route=\/wp\/v2\/users\/1"}],"replies":[{"embeddable":true,"href":"http:\/\/k-salon.de\/index.php?rest_route=%2Fwp%2Fv2%2Fcomments&post=49"}],"version-history":[{"count":6,"href":"http:\/\/k-salon.de\/index.php?rest_route=\/wp\/v2\/pages\/49\/revisions"}],"predecessor-version":[{"id":653,"href":"http:\/\/k-salon.de\/index.php?rest_route=\/wp\/v2\/pages\/49\/revisions\/653"}],"wp:attachment":[{"href":"http:\/\/k-salon.de\/index.php?rest_route=%2Fwp%2Fv2%2Fmedia&parent=49"}],"curies":[{"name":"wp","href":"https:\/\/api.w.org\/{rel}","templated":true}]}}