{"id":333,"date":"2020-07-17T16:13:16","date_gmt":"2020-07-17T14:13:16","guid":{"rendered":"http:\/\/k-salon.de\/?page_id=333"},"modified":"2022-03-22T10:19:45","modified_gmt":"2022-03-22T09:19:45","slug":"kooperation-mit-kuenstlern","status":"publish","type":"page","link":"http:\/\/k-salon.de\/?page_id=333","title":{"rendered":"Kooperation mit K\u00fcnstler*innen"},"content":{"rendered":"\t\t<div data-elementor-type=\"wp-page\" data-elementor-id=\"333\" class=\"elementor elementor-333\" data-elementor-settings=\"[]\">\n\t\t\t\t\t\t<div class=\"elementor-inner\">\n\t\t\t\t\t\t\t<div class=\"elementor-section-wrap\">\n\t\t\t\t\t\t\t<section class=\"elementor-section elementor-top-section elementor-element elementor-element-6bdca06 elementor-section-boxed elementor-section-height-default elementor-section-height-default\" data-id=\"6bdca06\" data-element_type=\"section\">\n\t\t\t\t\t\t<div class=\"elementor-container elementor-column-gap-default\">\n\t\t\t\t\t\t\t<div class=\"elementor-row\">\n\t\t\t\t\t<div class=\"elementor-column elementor-col-100 elementor-top-column elementor-element elementor-element-aa38b84\" data-id=\"aa38b84\" data-element_type=\"column\">\n\t\t\t<div class=\"elementor-column-wrap elementor-element-populated\">\n\t\t\t\t\t\t\t<div class=\"elementor-widget-wrap\">\n\t\t\t\t\t\t<div class=\"elementor-element elementor-element-625b10c elementor-widget elementor-widget-spacer\" data-id=\"625b10c\" data-element_type=\"widget\" data-widget_type=\"spacer.default\">\n\t\t\t\t<div class=\"elementor-widget-container\">\n\t\t\t\t\t<div class=\"elementor-spacer\">\n\t\t\t<div class=\"elementor-spacer-inner\"><\/div>\n\t\t<\/div>\n\t\t\t\t<\/div>\n\t\t\t\t<\/div>\n\t\t\t\t\t\t<\/div>\n\t\t\t\t\t<\/div>\n\t\t<\/div>\n\t\t\t\t\t\t\t\t<\/div>\n\t\t\t\t\t<\/div>\n\t\t<\/section>\n\t\t\t\t<section class=\"elementor-section elementor-top-section elementor-element elementor-element-322e438e elementor-section-boxed elementor-section-height-default elementor-section-height-default\" data-id=\"322e438e\" data-element_type=\"section\">\n\t\t\t\t\t\t<div class=\"elementor-container elementor-column-gap-default\">\n\t\t\t\t\t\t\t<div class=\"elementor-row\">\n\t\t\t\t\t<div class=\"elementor-column elementor-col-100 elementor-top-column elementor-element elementor-element-5ff8a24b\" data-id=\"5ff8a24b\" data-element_type=\"column\">\n\t\t\t<div class=\"elementor-column-wrap elementor-element-populated\">\n\t\t\t\t\t\t\t<div class=\"elementor-widget-wrap\">\n\t\t\t\t\t\t<div class=\"elementor-element elementor-element-79c8053d elementor-widget elementor-widget-text-editor\" data-id=\"79c8053d\" data-element_type=\"widget\" data-widget_type=\"text-editor.default\">\n\t\t\t\t<div class=\"elementor-widget-container\">\n\t\t\t\t\t\t\t\t<div class=\"elementor-text-editor elementor-clearfix\">\n\t\t\t\t<!-- wp:paragraph -->\n<p><strong>Kooperation mit K\u00fcnstler*innen<\/strong><br \/><br \/><br \/>Der K-Salon l\u00e4dt seit November 2008 zu einem sparten\u00fcbergreifenden Kulturprogramm ein. \u00a0Katharina und Susanne Husemann und Klaus-Uwe Mecklenburg bieten eine neue Plattform f\u00fcr aktuelle, k\u00fcnstlerische Positionen und einen Ort f\u00fcr k\u00fcnstlerischen Austausch und Gespr\u00e4che.<\/p>\n<!-- \/wp:paragraph --><!-- wp:paragraph -->\n<p>In einem 50 qm gro\u00dfen Galerieraum in der Bergmannstrasse 54 werden monatlich wechselnde Ausstellungsprojekte vorgestellt. Zu den mit der Ausstellung verbundenen Themen finden unterschiedliche Aktionen und Foren statt. Dar\u00fcber werden k\u00fcnstlerische Prozesse erfahrbar gemacht und inhaltliche Diskussionen und der Austausch angeregt. Ausstellungen, Lesungen, Vortr\u00e4ge, Performancekunst und Salontreffen verwandeln den Raum abwechselnd zur Galerie, Stube und B\u00fchne.<\/p>\n<!-- \/wp:paragraph --><!-- wp:paragraph -->\n<p>Zu den Besonderheiten geh\u00f6rt die Einbeziehung der eingeladenen K\u00fcnstler*innen:<br \/>thematische, zeitbezogene Ausstellungen werden mit den Kunstschaffenden entwickelt und vorgestellt. Events wie Performances, Lesungen und Filmpr\u00e4sentationen bringen das Thema und die K\u00fcnstler*innen und G\u00e4ste ins Gespr\u00e4ch. Dar\u00fcber werden k\u00fcnstlerische Prozesse erfahrbar gemacht und inhaltliche Diskussionen und der Austausch angeregt. Ziel ist es neue Sichtweisen zu er\u00f6ffnen und k\u00fcnstlerische Werke und Statements von K\u00fcnstler*innen zu vermitteln.<\/p>\n<!-- \/wp:paragraph --><!-- wp:paragraph -->\n<p>Das Konzept ist offen f\u00fcr Kooperationen und Projektvorschl\u00e4ge. Die Finanzierung des Kunstraums geschieht prim\u00e4r durch privates Engagement und \u00fcber die Vermietung der R\u00e4ume.<\/p>\n<!-- \/wp:paragraph -->\t\t\t\t\t<\/div>\n\t\t\t\t\t\t<\/div>\n\t\t\t\t<\/div>\n\t\t\t\t\t\t<\/div>\n\t\t\t\t\t<\/div>\n\t\t<\/div>\n\t\t\t\t\t\t\t\t<\/div>\n\t\t\t\t\t<\/div>\n\t\t<\/section>\n\t\t\t\t\t\t<\/div>\n\t\t\t\t\t\t<\/div>\n\t\t\t\t\t<\/div>\n\t\t","protected":false},"excerpt":{"rendered":"<p>Kooperation mit K\u00fcnstler*innen Der K-Salon l\u00e4dt seit November 2008 zu einem sparten\u00fcbergreifenden Kulturprogramm ein. &nbsp;Katharina und Susanne Husemann und Klaus-Uwe Mecklenburg bieten eine neue Plattform f\u00fcr aktuelle, k\u00fcnstlerische Positionen und einen Ort f\u00fcr k\u00fcnstlerischen Austausch und Gespr\u00e4che. In einem 50 qm gro\u00dfen Galerieraum in der Bergmannstrasse 54 werden monatlich wechselnde Ausstellungsprojekte vorgestellt. Zu den mit [&hellip;]<\/p>\n","protected":false},"author":1,"featured_media":0,"parent":0,"menu_order":0,"comment_status":"closed","ping_status":"closed","template":"","meta":{"footnotes":""},"class_list":["post-333","page","type-page","status-publish","hentry"],"_links":{"self":[{"href":"http:\/\/k-salon.de\/index.php?rest_route=\/wp\/v2\/pages\/333","targetHints":{"allow":["GET"]}}],"collection":[{"href":"http:\/\/k-salon.de\/index.php?rest_route=\/wp\/v2\/pages"}],"about":[{"href":"http:\/\/k-salon.de\/index.php?rest_route=\/wp\/v2\/types\/page"}],"author":[{"embeddable":true,"href":"http:\/\/k-salon.de\/index.php?rest_route=\/wp\/v2\/users\/1"}],"replies":[{"embeddable":true,"href":"http:\/\/k-salon.de\/index.php?rest_route=%2Fwp%2Fv2%2Fcomments&post=333"}],"version-history":[{"count":9,"href":"http:\/\/k-salon.de\/index.php?rest_route=\/wp\/v2\/pages\/333\/revisions"}],"predecessor-version":[{"id":501,"href":"http:\/\/k-salon.de\/index.php?rest_route=\/wp\/v2\/pages\/333\/revisions\/501"}],"wp:attachment":[{"href":"http:\/\/k-salon.de\/index.php?rest_route=%2Fwp%2Fv2%2Fmedia&parent=333"}],"curies":[{"name":"wp","href":"https:\/\/api.w.org\/{rel}","templated":true}]}}