{"id":14,"date":"2020-05-31T19:37:24","date_gmt":"2020-05-31T17:37:24","guid":{"rendered":"http:\/\/k-salon.de\/?page_id=14"},"modified":"2022-03-22T10:19:45","modified_gmt":"2022-03-22T09:19:45","slug":"ueber-uns","status":"publish","type":"page","link":"http:\/\/k-salon.de\/?page_id=14","title":{"rendered":"\u00dcber uns"},"content":{"rendered":"\t\t<div data-elementor-type=\"wp-page\" data-elementor-id=\"14\" class=\"elementor elementor-14\" data-elementor-settings=\"[]\">\n\t\t\t\t\t\t<div class=\"elementor-inner\">\n\t\t\t\t\t\t\t<div class=\"elementor-section-wrap\">\n\t\t\t\t\t\t\t<section class=\"elementor-section elementor-top-section elementor-element elementor-element-07f0b66 elementor-section-boxed elementor-section-height-default elementor-section-height-default\" data-id=\"07f0b66\" data-element_type=\"section\">\n\t\t\t\t\t\t<div class=\"elementor-container elementor-column-gap-default\">\n\t\t\t\t\t\t\t<div class=\"elementor-row\">\n\t\t\t\t\t<div class=\"elementor-column elementor-col-100 elementor-top-column elementor-element elementor-element-02b7b4d\" data-id=\"02b7b4d\" data-element_type=\"column\">\n\t\t\t<div class=\"elementor-column-wrap elementor-element-populated\">\n\t\t\t\t\t\t\t<div class=\"elementor-widget-wrap\">\n\t\t\t\t\t\t<div class=\"elementor-element elementor-element-c12bd4e elementor-widget elementor-widget-spacer\" data-id=\"c12bd4e\" data-element_type=\"widget\" data-widget_type=\"spacer.default\">\n\t\t\t\t<div class=\"elementor-widget-container\">\n\t\t\t\t\t<div class=\"elementor-spacer\">\n\t\t\t<div class=\"elementor-spacer-inner\"><\/div>\n\t\t<\/div>\n\t\t\t\t<\/div>\n\t\t\t\t<\/div>\n\t\t\t\t\t\t<\/div>\n\t\t\t\t\t<\/div>\n\t\t<\/div>\n\t\t\t\t\t\t\t\t<\/div>\n\t\t\t\t\t<\/div>\n\t\t<\/section>\n\t\t\t\t<section class=\"elementor-section elementor-top-section elementor-element elementor-element-6de3eb04 elementor-section-boxed elementor-section-height-default elementor-section-height-default\" data-id=\"6de3eb04\" data-element_type=\"section\">\n\t\t\t\t\t\t<div class=\"elementor-container elementor-column-gap-default\">\n\t\t\t\t\t\t\t<div class=\"elementor-row\">\n\t\t\t\t\t<div class=\"elementor-column elementor-col-100 elementor-top-column elementor-element elementor-element-28af721c\" data-id=\"28af721c\" data-element_type=\"column\">\n\t\t\t<div class=\"elementor-column-wrap elementor-element-populated\">\n\t\t\t\t\t\t\t<div class=\"elementor-widget-wrap\">\n\t\t\t\t\t\t<div class=\"elementor-element elementor-element-382a150e elementor-widget elementor-widget-text-editor\" data-id=\"382a150e\" data-element_type=\"widget\" data-widget_type=\"text-editor.default\">\n\t\t\t\t<div class=\"elementor-widget-container\">\n\t\t\t\t\t\t\t\t<div class=\"elementor-text-editor elementor-clearfix\">\n\t\t\t\t<!-- wp:paragraph -->\n<p><strong>K-Salon<\/strong><br \/>Ein Ort f\u00fcr Kunst, Kommunikation und Vernetzung<\/p>\n<!-- \/wp:paragraph --><!-- wp:paragraph -->\n<p>Der K-Salon l\u00e4dt seit November 2008 zu einem sparten\u00fcbergreifenden Kulturprogramm ein. Der K -Salon bietet eine Plattform f\u00fcr aktuelle, k\u00fcnstlerische Positionen und einen Ort f\u00fcr k\u00fcnstlerischen Austausch und Gespr\u00e4che.<\/p>\n<!-- \/wp:paragraph --><!-- wp:paragraph -->\n<p>In einem 50 qm gro\u00dfen Ladenraum in der Bergmannstrasse 54 werden monatlich wechselnde Ausstellungsprojekte vorgestellt. Zu den mit der Ausstellung verbundenen Themen finden unterschiedliche Aktionen und Foren statt. Dar\u00fcber werden k\u00fcnstlerische Prozesse erfahrbar gemacht und inhaltliche Diskussionen und der Austausch angeregt. Ausstellungen, Lesungen, Vortr\u00e4ge, Performancekunst und Salontreffen verwandeln den Raum abwechselnd zur Galerie, Stube und B\u00fchne.<\/p>\n<!-- \/wp:paragraph --><!-- wp:paragraph -->\n<p>Zu den Besonderheiten geh\u00f6rt die Eigenbeteiligung der eingeladenen K\u00fcnstlerInnen: thematische, zeitbezogene Ausstellungen werden mit den K\u00fcnstlerInnen entwickelt und vorgestellt. Regelm\u00e4\u00dfige Veranstaltungen wie der Performanceabend und die K-Tafel (Kommunikatives Essen mit den K\u00fcnstlerInnen und Interesserten) regen neue Sichtweisen an. Die kreativen Begegnungen und anregende Atmosph\u00e4re machten den K-Salon schon nach kurzer Zeit zu einer Berliner Attraktion und einen Tip f\u00fcr all jene, die den Dialog \u00fcber und mit Kunst suchen.<\/p>\n<!-- \/wp:paragraph --><!-- wp:paragraph -->\n<p>Die Intitiatoren und Betreiber sind Katharina Husemann und Klaus-Uwe Mecklenburg.<br \/>Susanne Husemann, Meistersch\u00fclerin der UdK Berlin, arbeitet als Kuratorin und gestaltet das Ausstellungsprogramm.<\/p>\n<!-- \/wp:paragraph --><!-- wp:paragraph -->\n<p>K-Salon, Bergmannstrasse 54, 10961 Berlin, Tel. 030 612 99 100<br \/>kontakt@k-salon.de, www.k-salon.de<\/p>\n<!-- \/wp:paragraph --><!-- wp:paragraph -->\n<p><br \/><strong>Ansprechpartner:<br \/><\/strong><br \/><strong>Leitung:<\/strong> <br \/>Katharina Husemann Tel. 030 61299100<br \/><br \/><strong>Ausstellung<\/strong>: <br \/>Susanne Husemann Tel. 0178 3924282<\/p>\n<!-- \/wp:paragraph --><!-- wp:paragraph -->\n<p>\u00a0<\/p>\n<!-- \/wp:paragraph -->\t\t\t\t\t<\/div>\n\t\t\t\t\t\t<\/div>\n\t\t\t\t<\/div>\n\t\t\t\t\t\t<\/div>\n\t\t\t\t\t<\/div>\n\t\t<\/div>\n\t\t\t\t\t\t\t\t<\/div>\n\t\t\t\t\t<\/div>\n\t\t<\/section>\n\t\t\t\t\t\t<\/div>\n\t\t\t\t\t\t<\/div>\n\t\t\t\t\t<\/div>\n\t\t","protected":false},"excerpt":{"rendered":"<p>K-SalonEin Ort f\u00fcr Kunst, Kommunikation und Vernetzung Der K-Salon l\u00e4dt seit November 2008 zu einem sparten\u00fcbergreifenden Kulturprogramm ein. Der K -Salon bietet eine Plattform f\u00fcr aktuelle, k\u00fcnstlerische Positionen und einen Ort f\u00fcr k\u00fcnstlerischen Austausch und Gespr\u00e4che. In einem 50 qm gro\u00dfen Ladenraum in der Bergmannstrasse 54 werden monatlich wechselnde Ausstellungsprojekte vorgestellt. Zu den mit der [&hellip;]<\/p>\n","protected":false},"author":1,"featured_media":0,"parent":0,"menu_order":0,"comment_status":"closed","ping_status":"closed","template":"","meta":{"footnotes":""},"class_list":["post-14","page","type-page","status-publish","hentry"],"_links":{"self":[{"href":"http:\/\/k-salon.de\/index.php?rest_route=\/wp\/v2\/pages\/14","targetHints":{"allow":["GET"]}}],"collection":[{"href":"http:\/\/k-salon.de\/index.php?rest_route=\/wp\/v2\/pages"}],"about":[{"href":"http:\/\/k-salon.de\/index.php?rest_route=\/wp\/v2\/types\/page"}],"author":[{"embeddable":true,"href":"http:\/\/k-salon.de\/index.php?rest_route=\/wp\/v2\/users\/1"}],"replies":[{"embeddable":true,"href":"http:\/\/k-salon.de\/index.php?rest_route=%2Fwp%2Fv2%2Fcomments&post=14"}],"version-history":[{"count":5,"href":"http:\/\/k-salon.de\/index.php?rest_route=\/wp\/v2\/pages\/14\/revisions"}],"predecessor-version":[{"id":499,"href":"http:\/\/k-salon.de\/index.php?rest_route=\/wp\/v2\/pages\/14\/revisions\/499"}],"wp:attachment":[{"href":"http:\/\/k-salon.de\/index.php?rest_route=%2Fwp%2Fv2%2Fmedia&parent=14"}],"curies":[{"name":"wp","href":"https:\/\/api.w.org\/{rel}","templated":true}]}}