{"id":137,"date":"2020-07-01T17:50:06","date_gmt":"2020-07-01T15:50:06","guid":{"rendered":"http:\/\/k-salon.de\/?page_id=137"},"modified":"2022-03-22T10:19:45","modified_gmt":"2022-03-22T09:19:45","slug":"menschen-auf-stuehlen","status":"publish","type":"page","link":"http:\/\/k-salon.de\/?page_id=137","title":{"rendered":"Menschen auf St\u00fchlen"},"content":{"rendered":"\t\t<div data-elementor-type=\"wp-page\" data-elementor-id=\"137\" class=\"elementor elementor-137\" data-elementor-settings=\"[]\">\n\t\t\t\t\t\t<div class=\"elementor-inner\">\n\t\t\t\t\t\t\t<div class=\"elementor-section-wrap\">\n\t\t\t\t\t\t\t<section class=\"elementor-section elementor-top-section elementor-element elementor-element-6103612 elementor-section-boxed elementor-section-height-default elementor-section-height-default\" data-id=\"6103612\" data-element_type=\"section\">\n\t\t\t\t\t\t<div class=\"elementor-container elementor-column-gap-default\">\n\t\t\t\t\t\t\t<div class=\"elementor-row\">\n\t\t\t\t\t<div class=\"elementor-column elementor-col-100 elementor-top-column elementor-element elementor-element-073052b\" data-id=\"073052b\" data-element_type=\"column\">\n\t\t\t<div class=\"elementor-column-wrap elementor-element-populated\">\n\t\t\t\t\t\t\t<div class=\"elementor-widget-wrap\">\n\t\t\t\t\t\t<div class=\"elementor-element elementor-element-ffc1ba7 elementor-widget elementor-widget-spacer\" data-id=\"ffc1ba7\" data-element_type=\"widget\" data-widget_type=\"spacer.default\">\n\t\t\t\t<div class=\"elementor-widget-container\">\n\t\t\t\t\t<div class=\"elementor-spacer\">\n\t\t\t<div class=\"elementor-spacer-inner\"><\/div>\n\t\t<\/div>\n\t\t\t\t<\/div>\n\t\t\t\t<\/div>\n\t\t\t\t\t\t<\/div>\n\t\t\t\t\t<\/div>\n\t\t<\/div>\n\t\t\t\t\t\t\t\t<\/div>\n\t\t\t\t\t<\/div>\n\t\t<\/section>\n\t\t\t\t<section class=\"elementor-section elementor-top-section elementor-element elementor-element-f027567 elementor-section-boxed elementor-section-height-default elementor-section-height-default\" data-id=\"f027567\" data-element_type=\"section\">\n\t\t\t\t\t\t<div class=\"elementor-container elementor-column-gap-default\">\n\t\t\t\t\t\t\t<div class=\"elementor-row\">\n\t\t\t\t\t<div class=\"elementor-column elementor-col-66 elementor-top-column elementor-element elementor-element-f59182e\" data-id=\"f59182e\" data-element_type=\"column\">\n\t\t\t<div class=\"elementor-column-wrap elementor-element-populated\">\n\t\t\t\t\t\t\t<div class=\"elementor-widget-wrap\">\n\t\t\t\t\t\t<div class=\"elementor-element elementor-element-06e18ce elementor-widget elementor-widget-text-editor\" data-id=\"06e18ce\" data-element_type=\"widget\" data-widget_type=\"text-editor.default\">\n\t\t\t\t<div class=\"elementor-widget-container\">\n\t\t\t\t\t\t\t\t<div class=\"elementor-text-editor elementor-clearfix\">\n\t\t\t\t<p><!-- \/wp:paragraph --><!-- wp:paragraph --><\/p>\n<p><strong>Menschen auf St\u00fchlen<br \/><em>Literatur und Musik von und mit Steffen Br\u00fcck und G\u00e4sten<\/em><\/strong><\/p>\n<p>Der Gastgeber Steffen Br\u00fcck l\u00e4dt wechselnde Autorinnen und Autoren ein, die aus ihren Romanen, Erz\u00e4hlungen oder Gedichten vorlesen. Mit dabei waren zum Beispiel Wiglaf Droste, Lena Hach, Naomi Schenck, Thomas Kapielski, David Wagner und Albrecht Selge.<br \/>Bei jeder Veranstaltung tritt au\u00dferdem ein Jazz-Musiker auf.<br \/>Es gibt Kaffee und Kuchen, Kekse und Kr\u00fcmel \u2013 und au\u00dferdem die M\u00f6glichkeit, die aktuelle Ausstellung im K-Salon anzuschauen.<\/p>\n<p><strong>Steffen Br\u00fcck<\/strong>, geboren 1968, arbeitet als Redakteur und Autor f\u00fcr das RBB-Kulturradio.<br \/>Au\u00dferdem schreibt er f\u00fcr das Satiremagazin \u201eTitanic\u201c und die Wahrheits-Seite der \u00b4taz\u00b4.<br \/>Unter dem Pseudonym Sankt Neff verfasst er seit 2014 einen sch\u00f6nen Blog<br \/>mit Gedichten und kurzer Prosa.<\/p>\n<p>\u00a0<\/p>\t\t\t\t\t<\/div>\n\t\t\t\t\t\t<\/div>\n\t\t\t\t<\/div>\n\t\t\t\t\t\t<\/div>\n\t\t\t\t\t<\/div>\n\t\t<\/div>\n\t\t\t\t<div class=\"elementor-column elementor-col-33 elementor-top-column elementor-element elementor-element-aa829e6\" data-id=\"aa829e6\" data-element_type=\"column\">\n\t\t\t<div class=\"elementor-column-wrap elementor-element-populated\">\n\t\t\t\t\t\t\t<div class=\"elementor-widget-wrap\">\n\t\t\t\t\t\t<div class=\"elementor-element elementor-element-7eefdbc elementor-widget elementor-widget-image\" data-id=\"7eefdbc\" data-element_type=\"widget\" data-widget_type=\"image.default\">\n\t\t\t\t<div class=\"elementor-widget-container\">\n\t\t\t\t\t\t\t\t<div class=\"elementor-image\">\n\t\t\t\t\t\t\t\t\t\t\t\t<img loading=\"lazy\" decoding=\"async\" width=\"800\" height=\"955\" src=\"http:\/\/k-salon.de\/wp-content\/uploads\/2020\/07\/steffen-858x1024.jpg\" class=\"attachment-large size-large\" alt=\"\" srcset=\"http:\/\/k-salon.de\/wp-content\/uploads\/2020\/07\/steffen-858x1024.jpg 858w, http:\/\/k-salon.de\/wp-content\/uploads\/2020\/07\/steffen-335x400.jpg 335w, http:\/\/k-salon.de\/wp-content\/uploads\/2020\/07\/steffen-768x916.jpg 768w, http:\/\/k-salon.de\/wp-content\/uploads\/2020\/07\/steffen-1287x1536.jpg 1287w, http:\/\/k-salon.de\/wp-content\/uploads\/2020\/07\/steffen-600x716.jpg 600w, http:\/\/k-salon.de\/wp-content\/uploads\/2020\/07\/steffen.jpg 1594w\" sizes=\"auto, (max-width: 800px) 100vw, 800px\" \/>\t\t\t\t\t\t\t\t\t\t\t\t\t\t<\/div>\n\t\t\t\t\t\t<\/div>\n\t\t\t\t<\/div>\n\t\t\t\t\t\t<\/div>\n\t\t\t\t\t<\/div>\n\t\t<\/div>\n\t\t\t\t\t\t\t\t<\/div>\n\t\t\t\t\t<\/div>\n\t\t<\/section>\n\t\t\t\t\t\t<\/div>\n\t\t\t\t\t\t<\/div>\n\t\t\t\t\t<\/div>\n\t\t","protected":false},"excerpt":{"rendered":"<p>Menschen auf St\u00fchlenLiteratur und Musik von und mit Steffen Br\u00fcck und G\u00e4sten Der Gastgeber Steffen Br\u00fcck l\u00e4dt wechselnde Autorinnen und Autoren ein, die aus ihren Romanen, Erz\u00e4hlungen oder Gedichten vorlesen. Mit dabei waren zum Beispiel Wiglaf Droste, Lena Hach, Naomi Schenck, Thomas Kapielski, David Wagner und Albrecht Selge.Bei jeder Veranstaltung tritt au\u00dferdem ein Jazz-Musiker auf.Es [&hellip;]<\/p>\n","protected":false},"author":1,"featured_media":0,"parent":0,"menu_order":0,"comment_status":"closed","ping_status":"closed","template":"","meta":{"footnotes":""},"class_list":["post-137","page","type-page","status-publish","hentry"],"_links":{"self":[{"href":"http:\/\/k-salon.de\/index.php?rest_route=\/wp\/v2\/pages\/137","targetHints":{"allow":["GET"]}}],"collection":[{"href":"http:\/\/k-salon.de\/index.php?rest_route=\/wp\/v2\/pages"}],"about":[{"href":"http:\/\/k-salon.de\/index.php?rest_route=\/wp\/v2\/types\/page"}],"author":[{"embeddable":true,"href":"http:\/\/k-salon.de\/index.php?rest_route=\/wp\/v2\/users\/1"}],"replies":[{"embeddable":true,"href":"http:\/\/k-salon.de\/index.php?rest_route=%2Fwp%2Fv2%2Fcomments&post=137"}],"version-history":[{"count":9,"href":"http:\/\/k-salon.de\/index.php?rest_route=\/wp\/v2\/pages\/137\/revisions"}],"predecessor-version":[{"id":526,"href":"http:\/\/k-salon.de\/index.php?rest_route=\/wp\/v2\/pages\/137\/revisions\/526"}],"wp:attachment":[{"href":"http:\/\/k-salon.de\/index.php?rest_route=%2Fwp%2Fv2%2Fmedia&parent=137"}],"curies":[{"name":"wp","href":"https:\/\/api.w.org\/{rel}","templated":true}]}}